{"id":199,"date":"2023-05-16T12:31:55","date_gmt":"2023-05-16T12:31:55","guid":{"rendered":"https:\/\/saintmatthew.cl\/web\/?page_id=199"},"modified":"2023-05-18T14:37:13","modified_gmt":"2023-05-18T14:37:13","slug":"departamentos","status":"publish","type":"page","link":"https:\/\/saintmatthew.cl\/?page_id=199","title":{"rendered":"DEPARTAMENTOS"},"content":{"rendered":"<p>[vc_row][vc_column width=\u00bb1\/4&#8243;][vc_column_text css_animation=\u00bbzoomIn\u00bb css=\u00bb.vc_custom_1684420553010{margin-top: 0px !important;margin-right: 0px !important;margin-bottom: 30px !important;margin-left: 0px !important;border-top-width: 5px !important;border-right-width: 5px !important;border-bottom-width: 5px !important;border-left-width: 5px !important;padding-top: 0px !important;padding-right: 0px !important;padding-bottom: 0px !important;padding-left: 0px !important;background-image: url(https:\/\/saintmatthew.cl\/web\/wp-content\/uploads\/2023\/05\/images.jpg?id=181) !important;background-position: center !important;background-repeat: no-repeat !important;background-size: cover !important;border-left-color: #edd821 !important;border-left-style: double !important;border-right-color: #edd821 !important;border-right-style: double !important;border-top-color: #edd821 !important;border-top-style: double !important;border-bottom-color: #edd821 !important;border-bottom-style: double !important;border-radius: 10px !important;}\u00bb]<\/p>\n<p style=\"text-align: center;\"><a href=\"https:\/\/saintmatthew.cl\/web\/prebasica\/\"><img decoding=\"async\" class=\"alignnone wp-image-156\" src=\"https:\/\/saintmatthew.cl\/web\/wp-content\/uploads\/2023\/05\/cropped-cropped-Logo-CISM-sin-fondo-300x300.png\" alt=\"\" width=\"46\" height=\"46\" srcset=\"https:\/\/saintmatthew.cl\/wp-content\/uploads\/2023\/05\/cropped-cropped-Logo-CISM-sin-fondo-300x300.png 300w, https:\/\/saintmatthew.cl\/wp-content\/uploads\/2023\/05\/cropped-cropped-Logo-CISM-sin-fondo-150x150.png 150w, https:\/\/saintmatthew.cl\/wp-content\/uploads\/2023\/05\/cropped-cropped-Logo-CISM-sin-fondo-270x270.png 270w, https:\/\/saintmatthew.cl\/wp-content\/uploads\/2023\/05\/cropped-cropped-Logo-CISM-sin-fondo-192x192.png 192w, https:\/\/saintmatthew.cl\/wp-content\/uploads\/2023\/05\/cropped-cropped-Logo-CISM-sin-fondo-180x180.png 180w, https:\/\/saintmatthew.cl\/wp-content\/uploads\/2023\/05\/cropped-cropped-Logo-CISM-sin-fondo-32x32.png 32w, https:\/\/saintmatthew.cl\/wp-content\/uploads\/2023\/05\/cropped-cropped-Logo-CISM-sin-fondo.png 512w\" sizes=\"(max-width: 46px) 100vw, 46px\" \/><\/a><br \/>\n<a href=\"https:\/\/saintmatthew.cl\/web\/prebasica\/\">Preb\u00e1sica<\/a><\/p>\n<p>[\/vc_column_text][\/vc_column][vc_column width=\u00bb1\/4&#8243;][vc_column_text css_animation=\u00bbzoomIn\u00bb css=\u00bb.vc_custom_1684420568091{margin-top: 0px !important;margin-right: 0px !important;margin-bottom: 0px !important;margin-left: 0px !important;border-top-width: 5px !important;border-right-width: 5px !important;border-bottom-width: 5px !important;border-left-width: 5px !important;padding-top: 0px !important;padding-right: 0px !important;padding-bottom: 0px !important;padding-left: 0px !important;background-image: url(https:\/\/saintmatthew.cl\/web\/wp-content\/uploads\/2023\/05\/images.jpg?id=181) !important;background-position: center !important;background-repeat: no-repeat !important;background-size: cover !important;border-left-color: #edd821 !important;border-left-style: double !important;border-right-color: #edd821 !important;border-right-style: double !important;border-top-color: #edd821 !important;border-top-style: double !important;border-bottom-color: #edd821 !important;border-bottom-style: double !important;border-radius: 10px !important;}\u00bb]<\/p>\n<p style=\"text-align: center;\"><a href=\"https:\/\/saintmatthew.cl\/web\/ed-fisica-musica-arte-y-tecnologia\/\"><img decoding=\"async\" class=\"alignnone wp-image-156\" src=\"https:\/\/saintmatthew.cl\/web\/wp-content\/uploads\/2023\/05\/cropped-cropped-Logo-CISM-sin-fondo-300x300.png\" alt=\"\" width=\"46\" height=\"46\" srcset=\"https:\/\/saintmatthew.cl\/wp-content\/uploads\/2023\/05\/cropped-cropped-Logo-CISM-sin-fondo-300x300.png 300w, https:\/\/saintmatthew.cl\/wp-content\/uploads\/2023\/05\/cropped-cropped-Logo-CISM-sin-fondo-150x150.png 150w, https:\/\/saintmatthew.cl\/wp-content\/uploads\/2023\/05\/cropped-cropped-Logo-CISM-sin-fondo-270x270.png 270w, https:\/\/saintmatthew.cl\/wp-content\/uploads\/2023\/05\/cropped-cropped-Logo-CISM-sin-fondo-192x192.png 192w, https:\/\/saintmatthew.cl\/wp-content\/uploads\/2023\/05\/cropped-cropped-Logo-CISM-sin-fondo-180x180.png 180w, https:\/\/saintmatthew.cl\/wp-content\/uploads\/2023\/05\/cropped-cropped-Logo-CISM-sin-fondo-32x32.png 32w, https:\/\/saintmatthew.cl\/wp-content\/uploads\/2023\/05\/cropped-cropped-Logo-CISM-sin-fondo.png 512w\" sizes=\"(max-width: 46px) 100vw, 46px\" \/><\/a><br \/>\n<a href=\"https:\/\/saintmatthew.cl\/web\/ed-fisica-musica-arte-y-tecnologia\/\">Ed. F\u00edsica, m\u00fasica, arte y tecnolog\u00eda<\/a><\/p>\n<p>[\/vc_column_text][\/vc_column][vc_column width=\u00bb1\/4&#8243;][vc_column_text css_animation=\u00bbzoomIn\u00bb css=\u00bb.vc_custom_1684420577189{margin-top: 0px !important;margin-right: 0px !important;margin-bottom: 0px !important;margin-left: 0px !important;border-top-width: 5px !important;border-right-width: 5px !important;border-bottom-width: 5px !important;border-left-width: 5px !important;padding-top: 0px !important;padding-right: 0px !important;padding-bottom: 0px !important;padding-left: 0px !important;background-image: url(https:\/\/saintmatthew.cl\/web\/wp-content\/uploads\/2023\/05\/images.jpg?id=181) !important;background-position: center !important;background-repeat: no-repeat !important;background-size: cover !important;border-left-color: #edd821 !important;border-left-style: double !important;border-right-color: #edd821 !important;border-right-style: double !important;border-top-color: #edd821 !important;border-top-style: double !important;border-bottom-color: #edd821 !important;border-bottom-style: double !important;border-radius: 10px !important;}\u00bb]<\/p>\n<p style=\"text-align: center;\"><a href=\"https:\/\/saintmatthew.cl\/web\/lenguaje\/\"><img decoding=\"async\" class=\"alignnone wp-image-156\" src=\"https:\/\/saintmatthew.cl\/web\/wp-content\/uploads\/2023\/05\/cropped-cropped-Logo-CISM-sin-fondo-300x300.png\" alt=\"\" width=\"46\" height=\"46\" srcset=\"https:\/\/saintmatthew.cl\/wp-content\/uploads\/2023\/05\/cropped-cropped-Logo-CISM-sin-fondo-300x300.png 300w, https:\/\/saintmatthew.cl\/wp-content\/uploads\/2023\/05\/cropped-cropped-Logo-CISM-sin-fondo-150x150.png 150w, https:\/\/saintmatthew.cl\/wp-content\/uploads\/2023\/05\/cropped-cropped-Logo-CISM-sin-fondo-270x270.png 270w, https:\/\/saintmatthew.cl\/wp-content\/uploads\/2023\/05\/cropped-cropped-Logo-CISM-sin-fondo-192x192.png 192w, https:\/\/saintmatthew.cl\/wp-content\/uploads\/2023\/05\/cropped-cropped-Logo-CISM-sin-fondo-180x180.png 180w, https:\/\/saintmatthew.cl\/wp-content\/uploads\/2023\/05\/cropped-cropped-Logo-CISM-sin-fondo-32x32.png 32w, https:\/\/saintmatthew.cl\/wp-content\/uploads\/2023\/05\/cropped-cropped-Logo-CISM-sin-fondo.png 512w\" sizes=\"(max-width: 46px) 100vw, 46px\" \/><\/a><br \/>\n<a href=\"https:\/\/saintmatthew.cl\/web\/lenguaje\/\">Lenguaje<\/a><\/p>\n<p>[\/vc_column_text][\/vc_column][vc_column width=\u00bb1\/4&#8243;][vc_column_text css_animation=\u00bbzoomIn\u00bb css=\u00bb.vc_custom_1684420588151{margin-top: 0px !important;margin-right: 0px !important;margin-bottom: 0px !important;margin-left: 0px !important;border-top-width: 5px !important;border-right-width: 5px !important;border-bottom-width: 5px !important;border-left-width: 5px !important;padding-top: 0px !important;padding-right: 0px !important;padding-bottom: 0px !important;padding-left: 0px !important;background-image: url(https:\/\/saintmatthew.cl\/web\/wp-content\/uploads\/2023\/05\/images.jpg?id=181) !important;background-position: center !important;background-repeat: no-repeat !important;background-size: cover !important;border-left-color: #edd821 !important;border-left-style: double !important;border-right-color: #edd821 !important;border-right-style: double !important;border-top-color: #edd821 !important;border-top-style: double !important;border-bottom-color: #edd821 !important;border-bottom-style: double !important;border-radius: 10px !important;}\u00bb]<\/p>\n<p style=\"text-align: center;\"><a href=\"https:\/\/saintmatthew.cl\/web\/matematica\/\"><img decoding=\"async\" class=\"alignnone wp-image-156\" src=\"https:\/\/saintmatthew.cl\/web\/wp-content\/uploads\/2023\/05\/cropped-cropped-Logo-CISM-sin-fondo-300x300.png\" alt=\"\" width=\"46\" height=\"46\" srcset=\"https:\/\/saintmatthew.cl\/wp-content\/uploads\/2023\/05\/cropped-cropped-Logo-CISM-sin-fondo-300x300.png 300w, https:\/\/saintmatthew.cl\/wp-content\/uploads\/2023\/05\/cropped-cropped-Logo-CISM-sin-fondo-150x150.png 150w, https:\/\/saintmatthew.cl\/wp-content\/uploads\/2023\/05\/cropped-cropped-Logo-CISM-sin-fondo-270x270.png 270w, https:\/\/saintmatthew.cl\/wp-content\/uploads\/2023\/05\/cropped-cropped-Logo-CISM-sin-fondo-192x192.png 192w, https:\/\/saintmatthew.cl\/wp-content\/uploads\/2023\/05\/cropped-cropped-Logo-CISM-sin-fondo-180x180.png 180w, https:\/\/saintmatthew.cl\/wp-content\/uploads\/2023\/05\/cropped-cropped-Logo-CISM-sin-fondo-32x32.png 32w, https:\/\/saintmatthew.cl\/wp-content\/uploads\/2023\/05\/cropped-cropped-Logo-CISM-sin-fondo.png 512w\" sizes=\"(max-width: 46px) 100vw, 46px\" \/><\/a><br \/>\n<a href=\"https:\/\/saintmatthew.cl\/web\/matematica\/\">Matem\u00e1tica<\/a><\/p>\n<p>[\/vc_column_text][\/vc_column][\/vc_row][vc_row][vc_column width=\u00bb1\/3&#8243;][vc_column_text css_animation=\u00bbzoomIn\u00bb css=\u00bb.vc_custom_1684420598387{margin-top: 0px !important;margin-right: 0px !important;margin-bottom: 0px !important;margin-left: 0px !important;border-top-width: 5px !important;border-right-width: 5px !important;border-bottom-width: 5px !important;border-left-width: 5px !important;padding-top: 0px !important;padding-right: 0px !important;padding-bottom: 0px !important;padding-left: 0px !important;background-image: url(https:\/\/saintmatthew.cl\/web\/wp-content\/uploads\/2023\/05\/images.jpg?id=181) !important;background-position: center !important;background-repeat: no-repeat !important;background-size: cover !important;border-left-color: #edd821 !important;border-left-style: double !important;border-right-color: #edd821 !important;border-right-style: double !important;border-top-color: #edd821 !important;border-top-style: double !important;border-bottom-color: #edd821 !important;border-bottom-style: double !important;border-radius: 10px !important;}\u00bb]<\/p>\n<p style=\"text-align: center;\"><a href=\"https:\/\/saintmatthew.cl\/web\/historia\/\"><img decoding=\"async\" class=\"alignnone wp-image-156\" src=\"https:\/\/saintmatthew.cl\/web\/wp-content\/uploads\/2023\/05\/cropped-cropped-Logo-CISM-sin-fondo-300x300.png\" alt=\"\" width=\"46\" height=\"46\" srcset=\"https:\/\/saintmatthew.cl\/wp-content\/uploads\/2023\/05\/cropped-cropped-Logo-CISM-sin-fondo-300x300.png 300w, https:\/\/saintmatthew.cl\/wp-content\/uploads\/2023\/05\/cropped-cropped-Logo-CISM-sin-fondo-150x150.png 150w, https:\/\/saintmatthew.cl\/wp-content\/uploads\/2023\/05\/cropped-cropped-Logo-CISM-sin-fondo-270x270.png 270w, https:\/\/saintmatthew.cl\/wp-content\/uploads\/2023\/05\/cropped-cropped-Logo-CISM-sin-fondo-192x192.png 192w, https:\/\/saintmatthew.cl\/wp-content\/uploads\/2023\/05\/cropped-cropped-Logo-CISM-sin-fondo-180x180.png 180w, https:\/\/saintmatthew.cl\/wp-content\/uploads\/2023\/05\/cropped-cropped-Logo-CISM-sin-fondo-32x32.png 32w, https:\/\/saintmatthew.cl\/wp-content\/uploads\/2023\/05\/cropped-cropped-Logo-CISM-sin-fondo.png 512w\" sizes=\"(max-width: 46px) 100vw, 46px\" \/><\/a><br \/>\n<a href=\"https:\/\/saintmatthew.cl\/web\/historia\/\">Historia<\/a><\/p>\n<p>[\/vc_column_text][\/vc_column][vc_column width=\u00bb1\/3&#8243;][vc_column_text css_animation=\u00bbzoomIn\u00bb css=\u00bb.vc_custom_1684420609163{margin-top: 0px !important;margin-right: 0px !important;margin-bottom: 0px !important;margin-left: 0px !important;border-top-width: 5px !important;border-right-width: 5px !important;border-bottom-width: 5px !important;border-left-width: 5px !important;padding-top: 0px !important;padding-right: 0px !important;padding-bottom: 0px !important;padding-left: 0px !important;background-image: url(https:\/\/saintmatthew.cl\/web\/wp-content\/uploads\/2023\/05\/images.jpg?id=181) !important;background-position: center !important;background-repeat: no-repeat !important;background-size: cover !important;border-left-color: #edd821 !important;border-left-style: double !important;border-right-color: #edd821 !important;border-right-style: double !important;border-top-color: #edd821 !important;border-top-style: double !important;border-bottom-color: #edd821 !important;border-bottom-style: double !important;border-radius: 10px !important;}\u00bb]<\/p>\n<p style=\"text-align: center;\"><a href=\"https:\/\/saintmatthew.cl\/web\/ingles\/\"><img decoding=\"async\" class=\"alignnone wp-image-156\" src=\"https:\/\/saintmatthew.cl\/web\/wp-content\/uploads\/2023\/05\/cropped-cropped-Logo-CISM-sin-fondo-300x300.png\" alt=\"\" width=\"46\" height=\"46\" srcset=\"https:\/\/saintmatthew.cl\/wp-content\/uploads\/2023\/05\/cropped-cropped-Logo-CISM-sin-fondo-300x300.png 300w, https:\/\/saintmatthew.cl\/wp-content\/uploads\/2023\/05\/cropped-cropped-Logo-CISM-sin-fondo-150x150.png 150w, https:\/\/saintmatthew.cl\/wp-content\/uploads\/2023\/05\/cropped-cropped-Logo-CISM-sin-fondo-270x270.png 270w, https:\/\/saintmatthew.cl\/wp-content\/uploads\/2023\/05\/cropped-cropped-Logo-CISM-sin-fondo-192x192.png 192w, https:\/\/saintmatthew.cl\/wp-content\/uploads\/2023\/05\/cropped-cropped-Logo-CISM-sin-fondo-180x180.png 180w, https:\/\/saintmatthew.cl\/wp-content\/uploads\/2023\/05\/cropped-cropped-Logo-CISM-sin-fondo-32x32.png 32w, https:\/\/saintmatthew.cl\/wp-content\/uploads\/2023\/05\/cropped-cropped-Logo-CISM-sin-fondo.png 512w\" sizes=\"(max-width: 46px) 100vw, 46px\" \/><\/a><br \/>\n<a href=\"https:\/\/saintmatthew.cl\/web\/ingles\/\">Ingl\u00e9s<\/a><\/p>\n<p>[\/vc_column_text][\/vc_column][vc_column width=\u00bb1\/3&#8243;][vc_column_text css_animation=\u00bbzoomIn\u00bb css=\u00bb.vc_custom_1684420620030{margin-top: 0px !important;margin-right: 0px !important;margin-bottom: 0px !important;margin-left: 0px !important;border-top-width: 5px !important;border-right-width: 5px !important;border-bottom-width: 5px !important;border-left-width: 5px !important;padding-top: 0px !important;padding-right: 0px !important;padding-bottom: 0px !important;padding-left: 0px !important;background-image: url(https:\/\/saintmatthew.cl\/web\/wp-content\/uploads\/2023\/05\/images.jpg?id=181) !important;background-position: center !important;background-repeat: no-repeat !important;background-size: cover !important;border-left-color: #edd821 !important;border-left-style: double !important;border-right-color: #edd821 !important;border-right-style: double !important;border-top-color: #edd821 !important;border-top-style: double !important;border-bottom-color: #edd821 !important;border-bottom-style: double !important;border-radius: 10px !important;}\u00bb]<\/p>\n<p style=\"text-align: center;\"><a href=\"https:\/\/saintmatthew.cl\/web\/ciencias\/\"><img decoding=\"async\" class=\"alignnone wp-image-156\" src=\"https:\/\/saintmatthew.cl\/web\/wp-content\/uploads\/2023\/05\/cropped-cropped-Logo-CISM-sin-fondo-300x300.png\" alt=\"\" width=\"46\" height=\"46\" srcset=\"https:\/\/saintmatthew.cl\/wp-content\/uploads\/2023\/05\/cropped-cropped-Logo-CISM-sin-fondo-300x300.png 300w, https:\/\/saintmatthew.cl\/wp-content\/uploads\/2023\/05\/cropped-cropped-Logo-CISM-sin-fondo-150x150.png 150w, https:\/\/saintmatthew.cl\/wp-content\/uploads\/2023\/05\/cropped-cropped-Logo-CISM-sin-fondo-270x270.png 270w, https:\/\/saintmatthew.cl\/wp-content\/uploads\/2023\/05\/cropped-cropped-Logo-CISM-sin-fondo-192x192.png 192w, https:\/\/saintmatthew.cl\/wp-content\/uploads\/2023\/05\/cropped-cropped-Logo-CISM-sin-fondo-180x180.png 180w, https:\/\/saintmatthew.cl\/wp-content\/uploads\/2023\/05\/cropped-cropped-Logo-CISM-sin-fondo-32x32.png 32w, https:\/\/saintmatthew.cl\/wp-content\/uploads\/2023\/05\/cropped-cropped-Logo-CISM-sin-fondo.png 512w\" sizes=\"(max-width: 46px) 100vw, 46px\" \/><\/a><br \/>\n<a href=\"https:\/\/saintmatthew.cl\/web\/ciencias\/\">Ciencias<\/a><\/p>\n<p>[\/vc_column_text][\/vc_column][\/vc_row]<\/p>\n","protected":false},"excerpt":{"rendered":"<p>[vc_row][vc_column width=\u00bb1\/4&#8243;][vc_column_text css_animation=\u00bbzoomIn\u00bb css=\u00bb.vc_custom_1684420553010{margin-top: 0px !important;margin-right: 0px !important;margin-bottom: 30px !important;margin-left: 0px !important;border-top-width: 5px !important;border-right-width: 5px !important;border-bottom-width: 5px !important;border-left-width: 5px !important;padding-top: 0px !important;padding-right: 0px !important;padding-bottom: 0px !important;padding-left: 0px !important;background-image: url(https:\/\/saintmatthew.cl\/web\/wp-content\/uploads\/2023\/05\/images.jpg?id=181) !important;background-position: center !important;background-repeat: no-repeat !important;background-size: cover !important;border-left-color: #edd821 !important;border-left-style: double !important;border-right-color: #edd821 !important;border-right-style: double !important;border-top-color: #edd821 !important;border-top-style: double !important;border-bottom-color: #edd821 !important;border-bottom-style: double !important;border-radius: 10px !important;}\u00bb] Preb\u00e1sica [&hellip;]<\/p>\n","protected":false},"author":1,"featured_media":0,"parent":0,"menu_order":0,"comment_status":"closed","ping_status":"closed","template":"","meta":{"footnotes":""},"class_list":["post-199","page","type-page","status-publish","hentry"],"_links":{"self":[{"href":"https:\/\/saintmatthew.cl\/index.php?rest_route=\/wp\/v2\/pages\/199","targetHints":{"allow":["GET"]}}],"collection":[{"href":"https:\/\/saintmatthew.cl\/index.php?rest_route=\/wp\/v2\/pages"}],"about":[{"href":"https:\/\/saintmatthew.cl\/index.php?rest_route=\/wp\/v2\/types\/page"}],"author":[{"embeddable":true,"href":"https:\/\/saintmatthew.cl\/index.php?rest_route=\/wp\/v2\/users\/1"}],"replies":[{"embeddable":true,"href":"https:\/\/saintmatthew.cl\/index.php?rest_route=%2Fwp%2Fv2%2Fcomments&post=199"}],"version-history":[{"count":4,"href":"https:\/\/saintmatthew.cl\/index.php?rest_route=\/wp\/v2\/pages\/199\/revisions"}],"predecessor-version":[{"id":297,"href":"https:\/\/saintmatthew.cl\/index.php?rest_route=\/wp\/v2\/pages\/199\/revisions\/297"}],"wp:attachment":[{"href":"https:\/\/saintmatthew.cl\/index.php?rest_route=%2Fwp%2Fv2%2Fmedia&parent=199"}],"curies":[{"name":"wp","href":"https:\/\/api.w.org\/{rel}","templated":true}]}}