{"id":499,"date":"2023-06-06T13:31:36","date_gmt":"2023-06-06T13:31:36","guid":{"rendered":"https:\/\/saintmatthew.cl\/web\/?page_id=499"},"modified":"2023-06-12T04:25:03","modified_gmt":"2023-06-12T04:25:03","slug":"music","status":"publish","type":"page","link":"https:\/\/saintmatthew.cl\/?page_id=499","title":{"rendered":"Music"},"content":{"rendered":"<p>[vc_row][vc_column width=\u00bb1\/2&#8243;][vc_column_text css_animation=\u00bbzoomIn\u00bb]La m\u00fasica tiene un origen de hace miles de a\u00f1os, es la combinaci\u00f3n ordenada de ritmo, melod\u00eda y armon\u00eda que es agradable a los o\u00eddos, haciendo uso de diferentes instrumentos, esta era utilizada principalmente para contar historias y leyendas, pero con el tiempo fue evolucionando y ahora es conocida mayormente por ser una herramienta la cual permite expresar sentimientos. Adem\u00e1s, se han ido creando diferentes estilos para los diferentes gustos y edades. En nuestro establecimiento se realiza de 1ero b\u00e1sico hasta 4to medio y es impartido por Mister Boris Barra.[\/vc_column_text][\/vc_column][vc_column width=\u00bb1\/2&#8243;][vc_single_image image=\u00bb541&#8243; img_size=\u00bblarge\u00bb alignment=\u00bbcenter\u00bb css_animation=\u00bbzoomIn\u00bb][\/vc_column][\/vc_row]<\/p>\n","protected":false},"excerpt":{"rendered":"<p>[vc_row][vc_column width=\u00bb1\/2&#8243;][vc_column_text css_animation=\u00bbzoomIn\u00bb]La m\u00fasica tiene un origen de hace miles de a\u00f1os, es la combinaci\u00f3n ordenada de ritmo, melod\u00eda y armon\u00eda que es agradable a los o\u00eddos, haciendo uso de diferentes instrumentos, esta era utilizada principalmente para contar historias y leyendas, pero con el tiempo fue evolucionando y ahora es conocida mayormente por ser una [&hellip;]<\/p>\n","protected":false},"author":1,"featured_media":0,"parent":0,"menu_order":0,"comment_status":"closed","ping_status":"closed","template":"","meta":{"footnotes":""},"class_list":["post-499","page","type-page","status-publish","hentry"],"_links":{"self":[{"href":"https:\/\/saintmatthew.cl\/index.php?rest_route=\/wp\/v2\/pages\/499","targetHints":{"allow":["GET"]}}],"collection":[{"href":"https:\/\/saintmatthew.cl\/index.php?rest_route=\/wp\/v2\/pages"}],"about":[{"href":"https:\/\/saintmatthew.cl\/index.php?rest_route=\/wp\/v2\/types\/page"}],"author":[{"embeddable":true,"href":"https:\/\/saintmatthew.cl\/index.php?rest_route=\/wp\/v2\/users\/1"}],"replies":[{"embeddable":true,"href":"https:\/\/saintmatthew.cl\/index.php?rest_route=%2Fwp%2Fv2%2Fcomments&post=499"}],"version-history":[{"count":2,"href":"https:\/\/saintmatthew.cl\/index.php?rest_route=\/wp\/v2\/pages\/499\/revisions"}],"predecessor-version":[{"id":542,"href":"https:\/\/saintmatthew.cl\/index.php?rest_route=\/wp\/v2\/pages\/499\/revisions\/542"}],"wp:attachment":[{"href":"https:\/\/saintmatthew.cl\/index.php?rest_route=%2Fwp%2Fv2%2Fmedia&parent=499"}],"curies":[{"name":"wp","href":"https:\/\/api.w.org\/{rel}","templated":true}]}}