{"id":504,"date":"2023-06-06T13:31:37","date_gmt":"2023-06-06T13:31:37","guid":{"rendered":"https:\/\/saintmatthew.cl\/web\/?page_id=504"},"modified":"2023-06-12T04:44:09","modified_gmt":"2023-06-12T04:44:09","slug":"climbing-wall","status":"publish","type":"page","link":"https:\/\/saintmatthew.cl\/?page_id=504","title":{"rendered":"Climbing Wall"},"content":{"rendered":"<p>[vc_row][vc_column width=\u00bb1\/2&#8243;][vc_column_text]La actividad de escalada consiste en subir ya sea muros los cuales son construidos con una cierta altura y piedras en las cuales se puede ir sujetando una por una para llegar al punto m\u00e1s alto del muro o bien se puede realizar el ascenso en muros de piedras naturales. Para la seguridad se utilizan, arn\u00e9s, mosquetones, cuerdas din\u00e1micas, cascos y vestimenta c\u00f3moda y apropiada. En nuestro establecimiento se realiza de 1ero b\u00e1sico hasta 4to medio y es impartido por Mister Ian Zuff.[\/vc_column_text][\/vc_column][vc_column width=\u00bb1\/2&#8243;][vc_single_image image=\u00bb552&#8243; img_size=\u00bblarge\u00bb alignment=\u00bbcenter\u00bb css_animation=\u00bbzoomIn\u00bb][\/vc_column][\/vc_row]<\/p>\n","protected":false},"excerpt":{"rendered":"<p>[vc_row][vc_column width=\u00bb1\/2&#8243;][vc_column_text]La actividad de escalada consiste en subir ya sea muros los cuales son construidos con una cierta altura y piedras en las cuales se puede ir sujetando una por una para llegar al punto m\u00e1s alto del muro o bien se puede realizar el ascenso en muros de piedras naturales. Para la seguridad se [&hellip;]<\/p>\n","protected":false},"author":1,"featured_media":0,"parent":0,"menu_order":0,"comment_status":"closed","ping_status":"closed","template":"","meta":{"footnotes":""},"class_list":["post-504","page","type-page","status-publish","hentry"],"_links":{"self":[{"href":"https:\/\/saintmatthew.cl\/index.php?rest_route=\/wp\/v2\/pages\/504","targetHints":{"allow":["GET"]}}],"collection":[{"href":"https:\/\/saintmatthew.cl\/index.php?rest_route=\/wp\/v2\/pages"}],"about":[{"href":"https:\/\/saintmatthew.cl\/index.php?rest_route=\/wp\/v2\/types\/page"}],"author":[{"embeddable":true,"href":"https:\/\/saintmatthew.cl\/index.php?rest_route=\/wp\/v2\/users\/1"}],"replies":[{"embeddable":true,"href":"https:\/\/saintmatthew.cl\/index.php?rest_route=%2Fwp%2Fv2%2Fcomments&post=504"}],"version-history":[{"count":2,"href":"https:\/\/saintmatthew.cl\/index.php?rest_route=\/wp\/v2\/pages\/504\/revisions"}],"predecessor-version":[{"id":553,"href":"https:\/\/saintmatthew.cl\/index.php?rest_route=\/wp\/v2\/pages\/504\/revisions\/553"}],"wp:attachment":[{"href":"https:\/\/saintmatthew.cl\/index.php?rest_route=%2Fwp%2Fv2%2Fmedia&parent=504"}],"curies":[{"name":"wp","href":"https:\/\/api.w.org\/{rel}","templated":true}]}}